{"id":71865,"date":"2023-02-24T15:31:55","date_gmt":"2023-02-24T14:31:55","guid":{"rendered":"http:\/\/wordpress.p636448.webspaceconfig.de\/?page_id=71865"},"modified":"2023-10-10T10:52:03","modified_gmt":"2023-10-10T08:52:03","slug":"contact","status":"publish","type":"page","link":"https:\/\/www.chiropratique-suresnes.fr\/en\/contact\/","title":{"rendered":"Contact"},"content":{"rendered":"\n\n[et_pb_section fb_built=&#8221;1&#8243; _builder_version=&#8221;4.20.0&#8243; background_color=&#8221;#306d93&#8243; background_image=&#8221;https:\/\/www.chiropratique-suresnes.fr\/wp-content\/uploads\/2023\/02\/version_2000_forest20160204-3895810-p1cygj.jpeg&#8221; custom_padding=&#8221;66px||66px||true|&#8221; saved_tabs=&#8221;all&#8221; global_colors_info=&#8221;{}&#8221;][et_pb_row _builder_version=&#8221;4.16&#8243; global_colors_info=&#8221;{}&#8221;][et_pb_column type=&#8221;4_4&#8243; _builder_version=&#8221;4.16&#8243; custom_padding=&#8221;|||&#8221; global_colors_info=&#8221;{}&#8221; custom_padding__hover=&#8221;|||&#8221;][et_pb_post_title meta=&#8221;off&#8221; featured_image=&#8221;off&#8221; _builder_version=&#8221;4.20.0&#8243; title_font=&#8221;|700||on|||||&#8221; title_text_align=&#8221;left&#8221; title_text_color=&#8221;#ffffff&#8221; title_font_size=&#8221;30px&#8221; title_font_size_tablet=&#8221;&#8221; title_font_size_phone=&#8221;20px&#8221; title_font_size_last_edited=&#8221;on|desktop&#8221; global_colors_info=&#8221;{}&#8221;][\/et_pb_post_title][\/et_pb_column][\/et_pb_row][\/et_pb_section][et_pb_section fb_built=&#8221;1&#8243; _builder_version=&#8221;4.16&#8243; custom_padding=&#8221;0px|0px|0px|0px|true|false&#8221; global_colors_info=&#8221;{}&#8221;][et_pb_row column_structure=&#8221;1_3,1_3,1_3&#8243; use_custom_gutter=&#8221;on&#8221; gutter_width=&#8221;1&#8243; make_equal=&#8221;on&#8221; _builder_version=&#8221;4.16&#8243; custom_padding=&#8221;0px||0px||true|&#8221; global_colors_info=&#8221;{}&#8221;][et_pb_column type=&#8221;1_3&#8243; _builder_version=&#8221;4.16&#8243; custom_padding=&#8221;|||&#8221; global_colors_info=&#8221;{}&#8221; custom_padding__hover=&#8221;|||&#8221;][et_pb_blurb title=&#8221;Access&#8221; use_icon=&#8221;on&#8221; font_icon=&#8221;&#xe01d;||divi||400&#8243; icon_color=&#8221;#000000&#8243; image_icon_width=&#8221;50px&#8221; _builder_version=&#8221;4.20.0&#8243; header_font=&#8221;|700|||||||&#8221; header_text_align=&#8221;center&#8221; header_text_color=&#8221;#000000&#8243; header_font_size=&#8221;18px&#8221; body_font=&#8221;Roboto Condensed|300|||||||&#8221; body_text_align=&#8221;center&#8221; body_text_color=&#8221;#000000&#8243; body_font_size=&#8221;16px&#8221; body_line_height=&#8221;1.8em&#8221; custom_padding=&#8221;79px|33px|79px|33px|true|true&#8221; animation=&#8221;off&#8221; hover_enabled=&#8221;0&#8243; border_color_all=&#8221;#297FCA&#8221; icon_font_size=&#8221;50px&#8221; global_colors_info=&#8221;{}&#8221; sticky_enabled=&#8221;0&#8243;]<p><strong>BUS <\/strong>144: Place Henri IV<br \/>241\/93: Suresnes Town Hall<br \/><strong>TRAIN<\/strong> Suresnes Mont Val\u00e9rien<br \/><strong>T2<\/strong>\u00a0Suresnes Longchamps<br \/><strong>CAR PARKS <\/strong>Place G\u00e9n\u00e9ral Leclerc (except Wednesday and Saturday because of the market), Place Henri IV<\/p>[\/et_pb_blurb][\/et_pb_column][et_pb_column type=&#8221;1_3&#8243; _builder_version=&#8221;4.16&#8243; custom_padding=&#8221;|||&#8221; global_colors_info=&#8221;{}&#8221; custom_padding__hover=&#8221;|||&#8221;][et_pb_blurb title=&#8221;Timetable&#8221; use_icon=&#8221;on&#8221; font_icon=&#8221;&#x7d;||divi||400&#8243; icon_color=&#8221;#000000&#8243; image_icon_width=&#8221;50px&#8221; _builder_version=&#8221;4.20.0&#8243; header_font=&#8221;|700|||||||&#8221; header_text_align=&#8221;center&#8221; header_text_color=&#8221;#000000&#8243; header_font_size=&#8221;18px&#8221; body_font=&#8221;Roboto Condensed|300|||||||&#8221; body_text_align=&#8221;center&#8221; body_text_color=&#8221;#000000&#8243; body_font_size=&#8221;16px&#8221; body_line_height=&#8221;1.8em&#8221; custom_padding=&#8221;79px|33px|79px|33px|true|true&#8221; animation=&#8221;off&#8221; hover_enabled=&#8221;0&#8243; border_color_all=&#8221;#297FCA&#8221; border_width_right=&#8221;1px&#8221; border_color_right=&#8221;#e2e2e2&#8243; border_width_left=&#8221;1px&#8221; border_color_left=&#8221;#e2e2e2&#8243; icon_font_size=&#8221;50px&#8221; global_colors_info=&#8221;{}&#8221; sticky_enabled=&#8221;0&#8243;]<p>Monday to Friday\u00a0 \u00a09am-7pm<br \/>Saturday\u00a0 10am &#8211; 4pm<br \/>Sunday Closed<\/p>\n<p><strong><a href=\"https:\/\/www.doctolib.fr\/chiropracteur\/suresnes\/audrey-yargui\/booking\/motives?placeId=practice-39263&amp;profile_skipped=true&amp;specialityId=191&amp;telehealth=false\" target=\"_blank\" rel=\"noopener\">Booking Appointment<\/a><\/strong><\/p>[\/et_pb_blurb][\/et_pb_column][et_pb_column type=&#8221;1_3&#8243; _builder_version=&#8221;4.16&#8243; custom_padding=&#8221;|||&#8221; global_colors_info=&#8221;{}&#8221; custom_padding__hover=&#8221;|||&#8221;][et_pb_blurb title=&#8221;Address&#8221; use_icon=&#8221;on&#8221; font_icon=&#8221;&#xe009;||divi||400&#8243; icon_color=&#8221;#000000&#8243; image_icon_width=&#8221;50px&#8221; _builder_version=&#8221;4.20.0&#8243; header_font=&#8221;|700|||||||&#8221; header_text_align=&#8221;center&#8221; header_text_color=&#8221;#000000&#8243; header_font_size=&#8221;18px&#8221; body_font=&#8221;|300|||||||&#8221; body_text_align=&#8221;center&#8221; body_text_color=&#8221;#000000&#8243; body_font_size=&#8221;16px&#8221; body_line_height=&#8221;1.8em&#8221; custom_padding=&#8221;79px|33px|79px|33px|true|true&#8221; animation=&#8221;off&#8221; hover_enabled=&#8221;0&#8243; border_color_all=&#8221;#297FCA&#8221; icon_font_size=&#8221;50px&#8221; global_colors_info=&#8221;{}&#8221; sticky_enabled=&#8221;0&#8243;]<p>Audrey Yargui &#8211; Cabinet MYCHIRO<br \/>2, Place du G\u00e9n\u00e9ral Leclerc<br \/>92150 Suresnes<\/p>\n<p><span style=\"color: #dfab00;\"><strong>+33 6 68 15 89 49<\/strong><\/span><\/p>[\/et_pb_blurb][\/et_pb_column][\/et_pb_row][\/et_pb_section][et_pb_section fb_built=&#8221;1&#8243; custom_padding_last_edited=&#8221;on|tablet&#8221; _builder_version=&#8221;4.20.0&#8243; _module_preset=&#8221;default&#8221; background_color=&#8221;#EDF5FD&#8221; custom_margin=&#8221;||||false|false&#8221; custom_padding=&#8221;||||false|false&#8221; custom_padding_tablet=&#8221;120px||120px||false|false&#8221; custom_padding_phone=&#8221;90px||90px||false|false&#8221; global_colors_info=&#8221;{}&#8221;][et_pb_row _builder_version=&#8221;4.18.0&#8243; _module_preset=&#8221;default&#8221; width=&#8221;90%&#8221; max_width=&#8221;1290px&#8221; custom_margin=&#8221;0px||45px||false|false&#8221; custom_padding=&#8221;0px||0px||false|false&#8221; global_colors_info=&#8221;{}&#8221;][et_pb_column type=&#8221;4_4&#8243; _builder_version=&#8221;4.18.0&#8243; _module_preset=&#8221;default&#8221; global_colors_info=&#8221;{}&#8221;][et_pb_text _builder_version=&#8221;4.20.0&#8243; _module_preset=&#8221;default&#8221; header_3_font=&#8221;|800||on|||||&#8221; header_3_text_align=&#8221;left&#8221; header_3_text_color=&#8221;#525251&#8243; header_3_font_size=&#8221;14px&#8221; header_3_letter_spacing=&#8221;1.8px&#8221; custom_margin=&#8221;0px||8px||false|false&#8221; custom_margin_tablet=&#8221;0px||0px||false|false&#8221; custom_margin_phone=&#8221;0px||0px||false|false&#8221; custom_margin_last_edited=&#8221;off|desktop&#8221; custom_padding=&#8221;0px||0px||false|false&#8221; animation_direction=&#8221;bottom&#8221; global_colors_info=&#8221;{}&#8221;]<h3>Important Information<\/h3>[\/et_pb_text][et_pb_text _builder_version=&#8221;4.20.0&#8243; _module_preset=&#8221;default&#8221; header_2_text_color=&#8221;#525251&#8243; max_width=&#8221;600px&#8221; max_width_last_edited=&#8221;off|desktop&#8221; custom_margin=&#8221;0px||15px||false|false&#8221; custom_padding=&#8221;0px||0px||false|false&#8221; global_colors_info=&#8221;{}&#8221;]<h2>What Your Chiropractor Wants You to Know<\/h2>[\/et_pb_text][et_pb_text _builder_version=&#8221;4.20.0&#8243; _module_preset=&#8221;default&#8221; text_font=&#8221;||||||||&#8221; text_text_color=&#8221;#525251&#8243; text_font_size=&#8221;16px&#8221; text_line_height=&#8221;1.8em&#8221; max_width=&#8221;645px&#8221; custom_margin=&#8221;0px||0px||false|false&#8221; custom_margin_tablet=&#8221;65px||29px||false|false&#8221; custom_margin_phone=&#8221;45px||||false|false&#8221; custom_margin_last_edited=&#8221;off|desktop&#8221; custom_padding=&#8221;0px||0px||false|false&#8221; global_colors_info=&#8221;{}&#8221;]<p>If you are seeing a Chiropractor, we encourage you to read this message.<\/p>[\/et_pb_text][\/et_pb_column][\/et_pb_row][et_pb_row column_structure=&#8221;1_2,1_2&#8243; use_custom_gutter=&#8221;on&#8221; gutter_width=&#8221;2&#8243; make_equal=&#8221;on&#8221; _builder_version=&#8221;4.20.0&#8243; _module_preset=&#8221;default&#8221; width=&#8221;90%&#8221; max_width=&#8221;1290px&#8221; max_width_tablet=&#8221;410px&#8221; max_width_phone=&#8221;410px&#8221; max_width_last_edited=&#8221;on|tablet&#8221; custom_margin=&#8221;||||false|false&#8221; custom_margin_tablet=&#8221;0px||0px||false|false&#8221; custom_margin_phone=&#8221;0px||0px||false|false&#8221; custom_margin_last_edited=&#8221;on|tablet&#8221; custom_padding=&#8221;1px||||false|false&#8221; hover_enabled=&#8221;0&#8243; global_colors_info=&#8221;{}&#8221; sticky_enabled=&#8221;0&#8243; transform_styles_last_edited=&#8221;on|desktop&#8221; transform_scale_last_edited=&#8221;on|desktop&#8221; transform_translate_last_edited=&#8221;on|desktop&#8221; transform_rotate_last_edited=&#8221;on|desktop&#8221; transform_skew_last_edited=&#8221;on|desktop&#8221; transform_origin_last_edited=&#8221;on|desktop&#8221;][et_pb_column type=&#8221;1_2&#8243; _builder_version=&#8221;4.20.0&#8243; _module_preset=&#8221;default&#8221; background_color=&#8221;#A8D2F2&#8243; transform_translate_linked__hover=&#8221;off&#8221; custom_padding=&#8221;87px|40px|87px|40px|false|false&#8221; custom_padding_tablet=&#8221;87px|40px|87px|40px|false|false&#8221; custom_padding_phone=&#8221;65px|40px|65px|40px|false|false&#8221; custom_padding_last_edited=&#8221;on|phone&#8221; hover_enabled=&#8221;0&#8243; box_shadow_style=&#8221;preset1&#8243; box_shadow_vertical=&#8221;12px&#8221; box_shadow_blur=&#8221;20px&#8221; box_shadow_color=&#8221;rgba(0,0,0,0.05)&#8221; global_colors_info=&#8221;{}&#8221; transform_styles__hover_enabled=&#8221;on|hover&#8221; transform_scale__hover_enabled=&#8221;on|hover&#8221; transform_translate__hover_enabled=&#8221;on|hover&#8221; transform_rotate__hover_enabled=&#8221;on|desktop&#8221; transform_skew__hover_enabled=&#8221;on|desktop&#8221; transform_origin__hover_enabled=&#8221;on|desktop&#8221; sticky_enabled=&#8221;0&#8243;][et_pb_image src=&#8221;https:\/\/www.chiropratique-suresnes.fr\/wp-content\/uploads\/2023\/03\/afc_logo_mychiro.png&#8221; title_text=&#8221;afc_logo_mychiro&#8221; align=&#8221;center&#8221; _builder_version=&#8221;4.20.0&#8243; _module_preset=&#8221;default&#8221; height=&#8221;82px&#8221; custom_margin=&#8221;0px||27px||false|false&#8221; custom_padding=&#8221;0px||0px||false|false&#8221; global_colors_info=&#8221;{}&#8221;][\/et_pb_image][et_pb_text _builder_version=&#8221;4.20.0&#8243; _module_preset=&#8221;default&#8221; header_3_font=&#8221;|600|||||||&#8221; header_3_text_align=&#8221;center&#8221; header_3_text_color=&#8221;#FFFFFF&#8221; header_3_font_size=&#8221;23px&#8221; custom_margin=&#8221;0px||15px||false|false&#8221; custom_padding=&#8221;0px||0px||false|false&#8221; global_colors_info=&#8221;{}&#8221;]<h3>English version<\/h3>[\/et_pb_text][et_pb_button button_url=&#8221;@ET-DC@eyJkeW5hbWljIjp0cnVlLCJjb250ZW50IjoicG9zdF9saW5rX3VybF9hdHRhY2htZW50Iiwic2V0dGluZ3MiOnsicG9zdF9pZCI6IjcxOTg0In19@&#8221; button_text=&#8221;Download&#8221; button_alignment=&#8221;center&#8221; _builder_version=&#8221;4.20.0&#8243; _dynamic_attributes=&#8221;button_url&#8221; _module_preset=&#8221;default&#8221; custom_button=&#8221;on&#8221; button_text_color=&#8221;#FFFFFF&#8221; global_colors_info=&#8221;{}&#8221;][\/et_pb_button][\/et_pb_column][et_pb_column type=&#8221;1_2&#8243; _builder_version=&#8221;4.20.0&#8243; _module_preset=&#8221;default&#8221; background_color=&#8221;#306D93&#8243; custom_padding=&#8221;87px|40px|87px|40px|false|false&#8221; custom_padding_tablet=&#8221;87px|40px|87px|40px|false|false&#8221; custom_padding_phone=&#8221;65px|40px|65px|40px|false|false&#8221; custom_padding_last_edited=&#8221;on|phone&#8221; hover_enabled=&#8221;0&#8243; box_shadow_style=&#8221;preset1&#8243; box_shadow_vertical=&#8221;12px&#8221; box_shadow_blur=&#8221;20px&#8221; box_shadow_color=&#8221;rgba(0,0,0,0.05)&#8221; global_colors_info=&#8221;{}&#8221; transform_styles__hover_enabled=&#8221;on|hover&#8221; transform_scale__hover_enabled=&#8221;on|hover&#8221; transform_translate__hover_enabled=&#8221;on|hover&#8221; transform_rotate__hover_enabled=&#8221;on|desktop&#8221; transform_skew__hover_enabled=&#8221;on|desktop&#8221; transform_origin__hover_enabled=&#8221;on|desktop&#8221; sticky_enabled=&#8221;0&#8243; transform_translate_linked__hover=&#8221;off&#8221;][et_pb_image src=&#8221;https:\/\/www.chiropratique-suresnes.fr\/wp-content\/uploads\/2023\/03\/afc_logo_mychiro.png&#8221; title_text=&#8221;afc_logo_mychiro&#8221; align=&#8221;center&#8221; _builder_version=&#8221;4.20.0&#8243; _module_preset=&#8221;default&#8221; height=&#8221;82px&#8221; custom_margin=&#8221;0px||27px||false|false&#8221; custom_padding=&#8221;0px||0px||false|false&#8221; global_colors_info=&#8221;{}&#8221;][\/et_pb_image][et_pb_text _builder_version=&#8221;4.20.0&#8243; _module_preset=&#8221;default&#8221; header_3_font=&#8221;|600|||||||&#8221; header_3_text_align=&#8221;center&#8221; header_3_text_color=&#8221;#FFFFFF&#8221; header_3_font_size=&#8221;23px&#8221; custom_margin=&#8221;0px||15px||false|false&#8221; custom_padding=&#8221;0px||0px||false|false&#8221; global_colors_info=&#8221;{}&#8221;]<h3>French version<\/h3>[\/et_pb_text][et_pb_button button_url=&#8221;@ET-DC@eyJkeW5hbWljIjp0cnVlLCJjb250ZW50IjoicG9zdF9saW5rX3VybF9hdHRhY2htZW50Iiwic2V0dGluZ3MiOnsicG9zdF9pZCI6IjcxOTg1In19@&#8221; button_text=&#8221;Download&#8221; button_alignment=&#8221;center&#8221; _builder_version=&#8221;4.20.0&#8243; _dynamic_attributes=&#8221;button_url&#8221; _module_preset=&#8221;default&#8221; custom_button=&#8221;on&#8221; button_text_color=&#8221;#FFFFFF&#8221; global_colors_info=&#8221;{}&#8221;][\/et_pb_button][\/et_pb_column][\/et_pb_row][\/et_pb_section][et_pb_section fb_built=&#8221;1&#8243; fullwidth=&#8221;on&#8221; _builder_version=&#8221;4.16&#8243; global_colors_info=&#8221;{}&#8221;][et_pb_fullwidth_code _builder_version=&#8221;4.20.0&#8243; global_colors_info=&#8221;{}&#8221;]<div style=\"width: 100%\"><iframe loading=\"lazy\" width=\"100%\" height=\"500\" frameborder=\"0\" scrolling=\"no\" marginheight=\"0\" marginwidth=\"0\" src=\"https:\/\/maps.google.com\/maps?width=100%25&#038;height=500&#038;hl=en&#038;q=12%20Pl.%20du%20G%C3%A9n%C3%A9ral%20Leclerc%2092150%20Suresnes%20France+(Audrey%20Yargui%20-%20Cabinet%20MYCHIRO)&#038;t=&#038;z=14&#038;ie=UTF8&#038;iwloc=B&#038;output=embed\"><a href=\"https:\/\/www.maps.ie\/distance-area-calculator.html\">area maps<\/a><\/iframe><\/div>[\/et_pb_fullwidth_code][\/et_pb_section]\n\n","protected":false},"excerpt":{"rendered":"<p>BUS 144: Place Henri IV241\/93: Suresnes Town HallTRAIN Suresnes Mont Val\u00e9rienT2\u00a0Suresnes LongchampsCAR PARKS Place G\u00e9n\u00e9ral Leclerc (except Wednesday and Saturday because of the market), Place Henri IVMonday to Friday\u00a0 \u00a09am-7pmSaturday\u00a0 10am &#8211; 4pmSunday Closed Booking AppointmentAudrey Yargui &#8211; Cabinet MYCHIRO2, Place du G\u00e9n\u00e9ral Leclerc92150 Suresnes +33 6 68 15 89 49Important InformationWhat Your Chiropractor Wants [&hellip;]<\/p>\n","protected":false},"author":6,"featured_media":0,"parent":0,"menu_order":0,"comment_status":"closed","ping_status":"closed","template":"","meta":{"_et_pb_use_builder":"on","_et_pb_old_content":"","_et_gb_content_width":"","inline_featured_image":false,"footnotes":""},"class_list":["post-71865","page","type-page","status-publish","hentry"],"yoast_head":"<!-- This site is optimized with the Yoast SEO plugin v27.5 - https:\/\/yoast.com\/product\/yoast-seo-wordpress\/ -->\n<title>Contact - CABINET CHIROPRATIQUE MYCHIRO Suresnes<\/title>\n<meta name=\"description\" content=\"R\u00e9servez d\u00e8s maintenant une consultation avec notre chiropracteur professionnel \u00e0 Suresnes et d\u00e9couvrez les bienfaits de la chiropratique.\" \/>\n<meta name=\"robots\" content=\"index, follow, max-snippet:-1, max-image-preview:large, max-video-preview:-1\" \/>\n<link rel=\"canonical\" href=\"https:\/\/www.chiropratique-suresnes.fr\/en\/contact\/\" \/>\n<meta property=\"og:locale\" content=\"en_US\" \/>\n<meta property=\"og:type\" content=\"article\" \/>\n<meta property=\"og:title\" content=\"Contact - CABINET CHIROPRATIQUE MYCHIRO Suresnes\" \/>\n<meta property=\"og:description\" content=\"R\u00e9servez d\u00e8s maintenant une consultation avec notre chiropracteur professionnel \u00e0 Suresnes et d\u00e9couvrez les bienfaits de la chiropratique.\" \/>\n<meta property=\"og:url\" content=\"https:\/\/www.chiropratique-suresnes.fr\/en\/contact\/\" \/>\n<meta property=\"og:site_name\" content=\"CABINET CHIROPRATIQUE MYCHIRO Suresnes\" \/>\n<meta property=\"article:publisher\" content=\"https:\/\/www.facebook.com\/mychiropracticsport.suresnes\" \/>\n<meta property=\"article:modified_time\" content=\"2023-10-10T08:52:03+00:00\" \/>\n<meta name=\"twitter:card\" content=\"summary_large_image\" \/>\n<meta name=\"twitter:label1\" content=\"Est. reading time\" \/>\n\t<meta name=\"twitter:data1\" content=\"3 minutes\" \/>\n<script type=\"application\/ld+json\" class=\"yoast-schema-graph\">{\"@context\":\"https:\\\/\\\/schema.org\",\"@graph\":[{\"@type\":\"WebPage\",\"@id\":\"https:\\\/\\\/www.chiropratique-suresnes.fr\\\/en\\\/contact\\\/\",\"url\":\"https:\\\/\\\/www.chiropratique-suresnes.fr\\\/en\\\/contact\\\/\",\"name\":\"Contact - CABINET CHIROPRATIQUE MYCHIRO Suresnes\",\"isPartOf\":{\"@id\":\"https:\\\/\\\/www.chiropratique-suresnes.fr\\\/en\\\/#website\"},\"datePublished\":\"2023-02-24T14:31:55+00:00\",\"dateModified\":\"2023-10-10T08:52:03+00:00\",\"description\":\"R\u00e9servez d\u00e8s maintenant une consultation avec notre chiropracteur professionnel \u00e0 Suresnes et d\u00e9couvrez les bienfaits de la chiropratique.\",\"breadcrumb\":{\"@id\":\"https:\\\/\\\/www.chiropratique-suresnes.fr\\\/en\\\/contact\\\/#breadcrumb\"},\"inLanguage\":\"en-US\",\"potentialAction\":[{\"@type\":\"ReadAction\",\"target\":[\"https:\\\/\\\/www.chiropratique-suresnes.fr\\\/en\\\/contact\\\/\"]}]},{\"@type\":\"BreadcrumbList\",\"@id\":\"https:\\\/\\\/www.chiropratique-suresnes.fr\\\/en\\\/contact\\\/#breadcrumb\",\"itemListElement\":[{\"@type\":\"ListItem\",\"position\":1,\"name\":\"Startseite\",\"item\":\"https:\\\/\\\/www.chiropratique-suresnes.fr\\\/en\\\/\"},{\"@type\":\"ListItem\",\"position\":2,\"name\":\"Contact\"}]},{\"@type\":\"WebSite\",\"@id\":\"https:\\\/\\\/www.chiropratique-suresnes.fr\\\/en\\\/#website\",\"url\":\"https:\\\/\\\/www.chiropratique-suresnes.fr\\\/en\\\/\",\"name\":\"CABINET CHIROPRATIQUE MYCHIRO Suresnes\",\"description\":\"Audrey Yargui, DC\",\"publisher\":{\"@id\":\"https:\\\/\\\/www.chiropratique-suresnes.fr\\\/en\\\/#\\\/schema\\\/person\\\/ae5e42be23d20ff3294399a67369f505\"},\"potentialAction\":[{\"@type\":\"SearchAction\",\"target\":{\"@type\":\"EntryPoint\",\"urlTemplate\":\"https:\\\/\\\/www.chiropratique-suresnes.fr\\\/en\\\/?s={search_term_string}\"},\"query-input\":{\"@type\":\"PropertyValueSpecification\",\"valueRequired\":true,\"valueName\":\"search_term_string\"}}],\"inLanguage\":\"en-US\"},{\"@type\":[\"Person\",\"Organization\"],\"@id\":\"https:\\\/\\\/www.chiropratique-suresnes.fr\\\/en\\\/#\\\/schema\\\/person\\\/ae5e42be23d20ff3294399a67369f505\",\"name\":\"Audrey Yargui\",\"image\":{\"@type\":\"ImageObject\",\"inLanguage\":\"en-US\",\"@id\":\"https:\\\/\\\/www.myagencyinside.com\\\/maquettes\\\/chiropratique-suresnes\\\/\\\/wp-content\\\/uploads\\\/2023\\\/02\\\/MC_Logo_RGB_quer_2.svg\",\"url\":\"https:\\\/\\\/www.myagencyinside.com\\\/maquettes\\\/chiropratique-suresnes\\\/\\\/wp-content\\\/uploads\\\/2023\\\/02\\\/MC_Logo_RGB_quer_2.svg\",\"contentUrl\":\"https:\\\/\\\/www.myagencyinside.com\\\/maquettes\\\/chiropratique-suresnes\\\/\\\/wp-content\\\/uploads\\\/2023\\\/02\\\/MC_Logo_RGB_quer_2.svg\",\"width\":1,\"height\":1,\"caption\":\"Audrey Yargui\"},\"logo\":{\"@id\":\"https:\\\/\\\/www.myagencyinside.com\\\/maquettes\\\/chiropratique-suresnes\\\/\\\/wp-content\\\/uploads\\\/2023\\\/02\\\/MC_Logo_RGB_quer_2.svg\"},\"sameAs\":[\"https:\\\/\\\/www.myagencyinside.com\\\/maquettes\\\/chiropratique-suresnes\\\/\\\/\",\"https:\\\/\\\/www.facebook.com\\\/mychiropracticsport.suresnes\",\"https:\\\/\\\/www.instagram.com\\\/mychirosport.suresnes\\\/?hl=fr\",\"https:\\\/\\\/www.linkedin.com\\\/in\\\/audrey-yargui-38767066\\\/\"]}]}<\/script>\n<!-- \/ Yoast SEO plugin. -->","yoast_head_json":{"title":"Contact - CABINET CHIROPRATIQUE MYCHIRO Suresnes","description":"R\u00e9servez d\u00e8s maintenant une consultation avec notre chiropracteur professionnel \u00e0 Suresnes et d\u00e9couvrez les bienfaits de la chiropratique.","robots":{"index":"index","follow":"follow","max-snippet":"max-snippet:-1","max-image-preview":"max-image-preview:large","max-video-preview":"max-video-preview:-1"},"canonical":"https:\/\/www.chiropratique-suresnes.fr\/en\/contact\/","og_locale":"en_US","og_type":"article","og_title":"Contact - CABINET CHIROPRATIQUE MYCHIRO Suresnes","og_description":"R\u00e9servez d\u00e8s maintenant une consultation avec notre chiropracteur professionnel \u00e0 Suresnes et d\u00e9couvrez les bienfaits de la chiropratique.","og_url":"https:\/\/www.chiropratique-suresnes.fr\/en\/contact\/","og_site_name":"CABINET CHIROPRATIQUE MYCHIRO Suresnes","article_publisher":"https:\/\/www.facebook.com\/mychiropracticsport.suresnes","article_modified_time":"2023-10-10T08:52:03+00:00","twitter_card":"summary_large_image","twitter_misc":{"Est. reading time":"3 minutes"},"schema":{"@context":"https:\/\/schema.org","@graph":[{"@type":"WebPage","@id":"https:\/\/www.chiropratique-suresnes.fr\/en\/contact\/","url":"https:\/\/www.chiropratique-suresnes.fr\/en\/contact\/","name":"Contact - CABINET CHIROPRATIQUE MYCHIRO Suresnes","isPartOf":{"@id":"https:\/\/www.chiropratique-suresnes.fr\/en\/#website"},"datePublished":"2023-02-24T14:31:55+00:00","dateModified":"2023-10-10T08:52:03+00:00","description":"R\u00e9servez d\u00e8s maintenant une consultation avec notre chiropracteur professionnel \u00e0 Suresnes et d\u00e9couvrez les bienfaits de la chiropratique.","breadcrumb":{"@id":"https:\/\/www.chiropratique-suresnes.fr\/en\/contact\/#breadcrumb"},"inLanguage":"en-US","potentialAction":[{"@type":"ReadAction","target":["https:\/\/www.chiropratique-suresnes.fr\/en\/contact\/"]}]},{"@type":"BreadcrumbList","@id":"https:\/\/www.chiropratique-suresnes.fr\/en\/contact\/#breadcrumb","itemListElement":[{"@type":"ListItem","position":1,"name":"Startseite","item":"https:\/\/www.chiropratique-suresnes.fr\/en\/"},{"@type":"ListItem","position":2,"name":"Contact"}]},{"@type":"WebSite","@id":"https:\/\/www.chiropratique-suresnes.fr\/en\/#website","url":"https:\/\/www.chiropratique-suresnes.fr\/en\/","name":"CABINET CHIROPRATIQUE MYCHIRO Suresnes","description":"Audrey Yargui, DC","publisher":{"@id":"https:\/\/www.chiropratique-suresnes.fr\/en\/#\/schema\/person\/ae5e42be23d20ff3294399a67369f505"},"potentialAction":[{"@type":"SearchAction","target":{"@type":"EntryPoint","urlTemplate":"https:\/\/www.chiropratique-suresnes.fr\/en\/?s={search_term_string}"},"query-input":{"@type":"PropertyValueSpecification","valueRequired":true,"valueName":"search_term_string"}}],"inLanguage":"en-US"},{"@type":["Person","Organization"],"@id":"https:\/\/www.chiropratique-suresnes.fr\/en\/#\/schema\/person\/ae5e42be23d20ff3294399a67369f505","name":"Audrey Yargui","image":{"@type":"ImageObject","inLanguage":"en-US","@id":"https:\/\/www.myagencyinside.com\/maquettes\/chiropratique-suresnes\/\/wp-content\/uploads\/2023\/02\/MC_Logo_RGB_quer_2.svg","url":"https:\/\/www.myagencyinside.com\/maquettes\/chiropratique-suresnes\/\/wp-content\/uploads\/2023\/02\/MC_Logo_RGB_quer_2.svg","contentUrl":"https:\/\/www.myagencyinside.com\/maquettes\/chiropratique-suresnes\/\/wp-content\/uploads\/2023\/02\/MC_Logo_RGB_quer_2.svg","width":1,"height":1,"caption":"Audrey Yargui"},"logo":{"@id":"https:\/\/www.myagencyinside.com\/maquettes\/chiropratique-suresnes\/\/wp-content\/uploads\/2023\/02\/MC_Logo_RGB_quer_2.svg"},"sameAs":["https:\/\/www.myagencyinside.com\/maquettes\/chiropratique-suresnes\/\/","https:\/\/www.facebook.com\/mychiropracticsport.suresnes","https:\/\/www.instagram.com\/mychirosport.suresnes\/?hl=fr","https:\/\/www.linkedin.com\/in\/audrey-yargui-38767066\/"]}]}},"_links":{"self":[{"href":"https:\/\/www.chiropratique-suresnes.fr\/en\/wp-json\/wp\/v2\/pages\/71865","targetHints":{"allow":["GET"]}}],"collection":[{"href":"https:\/\/www.chiropratique-suresnes.fr\/en\/wp-json\/wp\/v2\/pages"}],"about":[{"href":"https:\/\/www.chiropratique-suresnes.fr\/en\/wp-json\/wp\/v2\/types\/page"}],"author":[{"embeddable":true,"href":"https:\/\/www.chiropratique-suresnes.fr\/en\/wp-json\/wp\/v2\/users\/6"}],"replies":[{"embeddable":true,"href":"https:\/\/www.chiropratique-suresnes.fr\/en\/wp-json\/wp\/v2\/comments?post=71865"}],"version-history":[{"count":11,"href":"https:\/\/www.chiropratique-suresnes.fr\/en\/wp-json\/wp\/v2\/pages\/71865\/revisions"}],"predecessor-version":[{"id":72087,"href":"https:\/\/www.chiropratique-suresnes.fr\/en\/wp-json\/wp\/v2\/pages\/71865\/revisions\/72087"}],"wp:attachment":[{"href":"https:\/\/www.chiropratique-suresnes.fr\/en\/wp-json\/wp\/v2\/media?parent=71865"}],"curies":[{"name":"wp","href":"https:\/\/api.w.org\/{rel}","templated":true}]}}